{"id":130,"date":"2021-03-24T07:19:47","date_gmt":"2021-03-24T07:19:47","guid":{"rendered":"https:\/\/www.roth-dach.ch\/sites\/?page_id=130"},"modified":"2021-12-13T17:48:33","modified_gmt":"2021-12-13T15:48:33","slug":"flachdach","status":"publish","type":"page","link":"https:\/\/www.roth-dach.ch\/sites\/flachdach\/","title":{"rendered":"Flachdach"},"content":{"rendered":"<section id=\"section-11-8\" class=\" ct-section\" ><div class=\"ct-section-inner-wrap\"><\/div><\/section><section id=\"section-2-8\" class=\" ct-section\" ><div class=\"ct-section-inner-wrap\"><h1 id=\"headline-43-8\" class=\"ct-headline\"><\/h1><div id=\"new_columns-292-8\" class=\"ct-new-columns \" ><div id=\"div_block-293-8\" class=\"ct-div-block hero-left\" ><img decoding=\"async\"  id=\"image-300-8\" alt=\"Flachdach by Roth Dach\" src=\"https:\/\/www.roth-dach.ch\/sites\/wp-content\/uploads\/2021\/12\/hero-flachdach-roth-dach.jpg\" class=\"ct-image\"\/><\/div><div id=\"div_block-294-8\" class=\"ct-div-block hero-middle\" ><img decoding=\"async\"  id=\"image-12-8\" alt=\"Flachdach, Spenglerei, Blitzschutz\" src=\"https:\/\/www.roth-dach.ch\/sites\/wp-content\/uploads\/2021\/03\/logo-roth-dach.svg\" class=\"ct-image\"\/><div id=\"div_block-14-8\" class=\"ct-div-block\" ><div id=\"text_block-23-8\" class=\"ct-text-block txt-24-bold\" ><\/div><\/div><\/div><div id=\"div_block-295-8\" class=\"ct-div-block hero-right\" ><img decoding=\"async\"  id=\"image-27-8\" alt=\"\" src=\"https:\/\/www.roth-dach.ch\/sites\/wp-content\/uploads\/2021\/03\/email.svg\" class=\"ct-image\"\/><img decoding=\"async\"  id=\"image-28-8\" alt=\"\" src=\"https:\/\/www.roth-dach.ch\/sites\/wp-content\/uploads\/2021\/03\/telefon.svg\" class=\"ct-image\"\/><\/div><\/div><\/div><\/section><section id=\"section-384-130\" class=\" ct-section\" ><div class=\"ct-section-inner-wrap\"><div id=\"div_block-385-130\" class=\"ct-div-block\" ><div id=\"div_block-386-130\" class=\"ct-div-block\" ><h2 id=\"headline-387-130\" class=\"ct-headline h2-txt-block\">Flachd\u00e4cher <br><\/h2><div id=\"text_block-388-130\" class=\"ct-text-block txt-22-regular\" >Ein Flachdach ist eine Vertrauenssache. Daher braucht es einen guten Partner, der die richtige L\u00f6sung erkennt und umsetzt.<br><br><b>Garantie <\/b><br>Flachdachsanierung, Unterhaltsarbeiten oder Neubau. Mit ROTH DACH erhalten Sie einen kompetenten Ansprechpartner f\u00fcr die ganze Dachlandschaft. Somit ist die Frage nach der Garantie von Anfang an gekl\u00e4rt. Damit die von der SIA 118 verlangte Baugarantie eingegangen werden kann, bieten wir Ihnen den gesamten Dachaufbau aus einer Hand an. Auch werden die Produkte von einem und demselben Lieferanten verwendet um die Systemgarantie gew\u00e4hrleisten zu k\u00f6nnen.<br><br><b>Abdichtungssystem <\/b><br>Durch unsere jahrelange Erfahrung mit bitumin\u00f6sen Abdichtungen k\u00f6nnen wir heute zu jedem Problem eine L\u00f6sung finden. Unsere \u00dcberzeugung hat sich \u00fcber all die Jahre bewahrheitet.\nDas bitumin\u00f6se Flachdach bietet eine sehr hohe Sicherheit auf viele Jahre hinaus.\n<br><br><b>Nutzschichten <\/b><br>An viele Terrassen wird heute ein grosser Anspruch gestellt. Es sind Fl\u00e4chen auf denen ein Teil des gem\u00fctlichen Lebens stattfindet. Demzufolge ist die Auswahl enorm gross. Feinsteinzeugplatten, Granitplattten, Zementplatten oder Holzroste dienen zur Gestaltung Ihrer Terrasse.\nWir werden Sie beraten und die Verlegung gleich selbst in die Hand nehmen.<\/div><\/div><\/div><\/div><\/section><div id=\"div_block-121-8\" class=\"ct-div-block\" ><section id=\"section-63-8\" class=\" ct-section\" ><div class=\"ct-section-inner-wrap\"><div id=\"div_block-333-130\" class=\"ct-div-block kachel\" ><img decoding=\"async\"  id=\"image-334-130\" alt=\"\" src=\"https:\/\/www.roth-dach.ch\/sites\/wp-content\/uploads\/2021\/04\/flachdach-roth-gmbh-01.jpg\" class=\"ct-image\"\/><div id=\"text_block-336-130\" class=\"ct-text-block txt-22-regular\" >EFH Wyss, Kappel<br><\/div><\/div><div id=\"div_block-365-130\" class=\"ct-div-block kachel\" ><img decoding=\"async\"  id=\"image-366-130\" alt=\"Flachdach Roth Dach GmbH\" src=\"https:\/\/www.roth-dach.ch\/sites\/wp-content\/uploads\/2021\/04\/flachdach-roth-gmbh-02.jpg\" class=\"ct-image\"\/><div id=\"text_block-367-130\" class=\"ct-text-block txt-22-regular\" >EFH L\u00fcscher, Gr\u00e4nichen<br><\/div><\/div><div id=\"div_block-368-130\" class=\"ct-div-block kachel\" ><img decoding=\"async\"  id=\"image-369-130\" alt=\"Flachdach Roth Dach GmbH\" src=\"https:\/\/www.roth-dach.ch\/sites\/wp-content\/uploads\/2021\/04\/flachdach-roth-gmbh-03.jpg\" class=\"ct-image\"\/><div id=\"text_block-370-130\" class=\"ct-text-block txt-22-regular\" >EFH Erne, L\u00e4ufelfingen<br><\/div><\/div><div id=\"div_block-371-130\" class=\"ct-div-block kachel\" ><img decoding=\"async\"  id=\"image-372-130\" alt=\"Flachdach Roth Dach GmbH\" src=\"https:\/\/www.roth-dach.ch\/sites\/wp-content\/uploads\/2021\/04\/flachdach-roth-gmbh-04.jpg\" class=\"ct-image\"\/><div id=\"text_block-373-130\" class=\"ct-text-block txt-22-regular\" >Terrassenh\u00e4user, Brunnmattstr., Lenzburg<br><\/div><\/div><div id=\"div_block-374-130\" class=\"ct-div-block kachel\" ><img decoding=\"async\"  id=\"image-375-130\" alt=\"Flachdach Roth Dach GmbH\" src=\"https:\/\/www.roth-dach.ch\/sites\/wp-content\/uploads\/2021\/04\/flachdach-roth-gmbh-05.jpg\" class=\"ct-image\"\/><div id=\"text_block-376-130\" class=\"ct-text-block txt-22-regular\" >MFH von Arx, Lammweg, H\u00e4rkingen<\/div><\/div><div id=\"div_block-377-130\" class=\"ct-div-block kachel\" ><img decoding=\"async\"  id=\"image-378-130\" alt=\"Flachdach Roth Dach GmbH\" src=\"https:\/\/www.roth-dach.ch\/sites\/wp-content\/uploads\/2021\/04\/flachdach-roth-gmbh-06.jpg\" class=\"ct-image\"\/><div id=\"text_block-379-130\" class=\"ct-text-block txt-22-regular\" >Verschweissen von Abdichtungsbahnen<br><\/div><\/div><\/div><\/section><\/div>\n\n<section id=\"section-389-130\" class=\" ct-section\" ><div class=\"ct-section-inner-wrap\"><div id=\"div_block-390-130\" class=\"ct-div-block\" ><div id=\"div_block-391-130\" class=\"ct-div-block\" ><div id=\"_rich_text-5-172\" class=\"oxy-rich-text txt-22-regular\" ><p><strong>Jedes Dach kann nur so gut sein, wie es verarbeitet wird, zumal jedes Produkt seine eigene Anwendungstechnik verbirgt.<\/strong><\/p>\n<p>Durch stetiges Weiterbilden unserer derzeit 13 Mitarbeiter k&ouml;nnen wir Ihrem speziellen Wunsch nachkommen und Ihnen die n&ouml;tige Sicherheit geben. Nicht m&ouml;glichst viele Unternehmer, sondern alles aus einer Hand ist heute eine weitverbreitete These. Die Schadensgefahr kann dadurch weitgehend verringert werden, was Ihnen viel &Auml;rger erspart. <br \/><br \/><\/p><\/div><\/div><\/div><\/div><\/section>\n\n<div class=\"su-image-carousel  sliderbox su-image-carousel-columns-2 su-image-carousel-has-spacing su-image-carousel-crop su-image-carousel-crop-4-3 su-image-carousel-has-lightbox su-image-carousel-adaptive su-image-carousel-slides-style-minimal su-image-carousel-controls-style-light su-image-carousel-align-none\" style=\"\" data-flickity-options='{\"groupCells\":true,\"cellSelector\":\".su-image-carousel-item\",\"adaptiveHeight\":false,\"cellAlign\":\"left\",\"prevNextButtons\":true,\"pageDots\":false,\"autoPlay\":5000,\"imagesLoaded\":true,\"contain\":true,\"selectedAttraction\":0.025000000000000001387778780781445675529539585113525390625,\"friction\":0.2800000000000000266453525910037569701671600341796875}' id=\"su_image_carousel_69e219ad1e4c5\"><div class=\"su-image-carousel-item\"><div class=\"su-image-carousel-item-content\"><a href=\"https:\/\/www.roth-dach.ch\/sites\/wp-content\/uploads\/2021\/03\/slider-roth-01.jpg\" target=\"_blank\" rel=\"noopener noreferrer\" data-caption=\"\"><img loading=\"lazy\" decoding=\"async\" width=\"1024\" height=\"683\" src=\"https:\/\/www.roth-dach.ch\/sites\/wp-content\/uploads\/2021\/03\/slider-roth-01-1024x683.jpg\" class=\"\" alt=\"\" srcset=\"https:\/\/www.roth-dach.ch\/sites\/wp-content\/uploads\/2021\/03\/slider-roth-01-1024x683.jpg 1024w, https:\/\/www.roth-dach.ch\/sites\/wp-content\/uploads\/2021\/03\/slider-roth-01-300x200.jpg 300w, https:\/\/www.roth-dach.ch\/sites\/wp-content\/uploads\/2021\/03\/slider-roth-01-768x512.jpg 768w, https:\/\/www.roth-dach.ch\/sites\/wp-content\/uploads\/2021\/03\/slider-roth-01.jpg 1200w\" sizes=\"auto, (max-width: 1024px) 100vw, 1024px\" \/><\/a><\/div><\/div><div class=\"su-image-carousel-item\"><div class=\"su-image-carousel-item-content\"><a href=\"https:\/\/www.roth-dach.ch\/sites\/wp-content\/uploads\/2021\/03\/slider-roth-02.jpg\" target=\"_blank\" rel=\"noopener noreferrer\" data-caption=\"\"><img loading=\"lazy\" decoding=\"async\" width=\"1024\" height=\"683\" src=\"https:\/\/www.roth-dach.ch\/sites\/wp-content\/uploads\/2021\/03\/slider-roth-02-1024x683.jpg\" class=\"\" alt=\"\" srcset=\"https:\/\/www.roth-dach.ch\/sites\/wp-content\/uploads\/2021\/03\/slider-roth-02-1024x683.jpg 1024w, https:\/\/www.roth-dach.ch\/sites\/wp-content\/uploads\/2021\/03\/slider-roth-02-300x200.jpg 300w, https:\/\/www.roth-dach.ch\/sites\/wp-content\/uploads\/2021\/03\/slider-roth-02-768x512.jpg 768w, https:\/\/www.roth-dach.ch\/sites\/wp-content\/uploads\/2021\/03\/slider-roth-02.jpg 1200w\" sizes=\"auto, (max-width: 1024px) 100vw, 1024px\" \/><\/a><\/div><\/div><div class=\"su-image-carousel-item\"><div class=\"su-image-carousel-item-content\"><a href=\"https:\/\/www.roth-dach.ch\/sites\/wp-content\/uploads\/2021\/03\/slider-roth-03.jpg\" target=\"_blank\" rel=\"noopener noreferrer\" data-caption=\"\"><img loading=\"lazy\" decoding=\"async\" width=\"1024\" height=\"683\" src=\"https:\/\/www.roth-dach.ch\/sites\/wp-content\/uploads\/2021\/03\/slider-roth-03-1024x683.jpg\" class=\"\" alt=\"\" srcset=\"https:\/\/www.roth-dach.ch\/sites\/wp-content\/uploads\/2021\/03\/slider-roth-03-1024x683.jpg 1024w, https:\/\/www.roth-dach.ch\/sites\/wp-content\/uploads\/2021\/03\/slider-roth-03-300x200.jpg 300w, https:\/\/www.roth-dach.ch\/sites\/wp-content\/uploads\/2021\/03\/slider-roth-03-768x512.jpg 768w, https:\/\/www.roth-dach.ch\/sites\/wp-content\/uploads\/2021\/03\/slider-roth-03.jpg 1200w\" sizes=\"auto, (max-width: 1024px) 100vw, 1024px\" \/><\/a><\/div><\/div><div class=\"su-image-carousel-item\"><div class=\"su-image-carousel-item-content\"><a href=\"https:\/\/www.roth-dach.ch\/sites\/wp-content\/uploads\/2021\/03\/slider-roth-04.jpg\" target=\"_blank\" rel=\"noopener noreferrer\" data-caption=\"\"><img loading=\"lazy\" decoding=\"async\" width=\"1024\" height=\"683\" src=\"https:\/\/www.roth-dach.ch\/sites\/wp-content\/uploads\/2021\/03\/slider-roth-04-1024x683.jpg\" class=\"\" alt=\"\" srcset=\"https:\/\/www.roth-dach.ch\/sites\/wp-content\/uploads\/2021\/03\/slider-roth-04-1024x683.jpg 1024w, https:\/\/www.roth-dach.ch\/sites\/wp-content\/uploads\/2021\/03\/slider-roth-04-300x200.jpg 300w, https:\/\/www.roth-dach.ch\/sites\/wp-content\/uploads\/2021\/03\/slider-roth-04-768x512.jpg 768w, https:\/\/www.roth-dach.ch\/sites\/wp-content\/uploads\/2021\/03\/slider-roth-04.jpg 1200w\" sizes=\"auto, (max-width: 1024px) 100vw, 1024px\" \/><\/a><\/div><\/div><div class=\"su-image-carousel-item\"><div class=\"su-image-carousel-item-content\"><a href=\"https:\/\/www.roth-dach.ch\/sites\/wp-content\/uploads\/2021\/03\/slider-roth-05.jpg\" target=\"_blank\" rel=\"noopener noreferrer\" data-caption=\"\"><img loading=\"lazy\" decoding=\"async\" width=\"1024\" height=\"683\" src=\"https:\/\/www.roth-dach.ch\/sites\/wp-content\/uploads\/2021\/03\/slider-roth-05-1024x683.jpg\" class=\"\" alt=\"\" srcset=\"https:\/\/www.roth-dach.ch\/sites\/wp-content\/uploads\/2021\/03\/slider-roth-05-1024x683.jpg 1024w, https:\/\/www.roth-dach.ch\/sites\/wp-content\/uploads\/2021\/03\/slider-roth-05-300x200.jpg 300w, https:\/\/www.roth-dach.ch\/sites\/wp-content\/uploads\/2021\/03\/slider-roth-05-768x512.jpg 768w, https:\/\/www.roth-dach.ch\/sites\/wp-content\/uploads\/2021\/03\/slider-roth-05.jpg 1200w\" sizes=\"auto, (max-width: 1024px) 100vw, 1024px\" \/><\/a><\/div><\/div><\/div><script id=\"su_image_carousel_69e219ad1e4c5_script\">if(window.SUImageCarousel){setTimeout(function() {window.SUImageCarousel.initGallery(document.getElementById(\"su_image_carousel_69e219ad1e4c5\"))}, 0);}var su_image_carousel_69e219ad1e4c5_script=document.getElementById(\"su_image_carousel_69e219ad1e4c5_script\");if(su_image_carousel_69e219ad1e4c5_script){su_image_carousel_69e219ad1e4c5_script.parentNode.removeChild(su_image_carousel_69e219ad1e4c5_script);}<\/script>\n\n\n<section id=\"section-389-130\" class=\" ct-section\" ><div class=\"ct-section-inner-wrap\"><div id=\"div_block-390-130\" class=\"ct-div-block\" ><div id=\"div_block-391-130\" class=\"ct-div-block\" ><div id=\"_rich_text-5-172\" class=\"oxy-rich-text txt-22-regular\" ><p><strong>Begr&uuml;nungen<\/strong><\/p>\n<p>Das Auge lebt bekanntlich mit, also stellt sich die Frage was wird als Schutz- und Nutzschicht angewendet. Auch hier wird der Zweck des Daches massgebend sein. Uns am ehesten bekannt ist wohl das stark verbreitete Kiesdach, aber es gibt weitere M&ouml;glichkeiten. Fragen Sie uns!<\/p>\n<div id=\"div_block-398-200\" class=\"ct-div-block oxel_horizontal_divider\" style=\"box-sizing: inherit; display: flex; flex-flow: row nowrap; align-items: center; margin-top: 25px; margin-bottom: 0px; width: 807.188px; justify-content: center; text-align: center; color: #404040; font-family: neuzeit-grotesk; font-size: 16px;\">\n<div id=\"code_block-399-200\" class=\"ct-code-block oxel_horizontal_divider__line\" style=\"box-sizing: inherit; height: 2px; background-color: #000000; flex-grow: 1;\">&nbsp;<\/div>\n<\/div>\n<div id=\"_rich_text-403-200\" class=\"oxy-rich-text txt-22-regular infos\" style=\"box-sizing: inherit; margin-top: 20px; font-size: 22px; width: 807.188px; font-family: neuzeit-grotesk;\">\n<p style=\"box-sizing: inherit; margin-block-start: 0px;\">Weitere Infos:<\/p>\n<ul style=\"box-sizing: inherit; list-style: none; margin: 0px 0px 0px 20px; padding: 0px; font-weight: bold;\">\n<li style=\"box-sizing: inherit;\"><a href=\"..\/begruenungen\">Begr&uuml;nungen<\/a><\/li>\n<\/ul>\n<\/div>\n<p>&nbsp;<\/p><\/div><\/div><\/div><\/div><\/section>","protected":false},"excerpt":{"rendered":"","protected":false},"author":1,"featured_media":0,"parent":0,"menu_order":0,"comment_status":"closed","ping_status":"closed","template":"","meta":{"footnotes":""},"class_list":["post-130","page","type-page","status-publish","hentry"],"yoast_head":"<!-- This site is optimized with the Yoast SEO plugin v27.4 - https:\/\/yoast.com\/product\/yoast-seo-wordpress\/ -->\n<title>Flachdach - Roth Dach - dicht und sicher - Flachdach, Spenglerei,Blitzschutz<\/title>\n<meta name=\"robots\" content=\"index, follow, max-snippet:-1, max-image-preview:large, max-video-preview:-1\" \/>\n<link rel=\"canonical\" href=\"https:\/\/www.roth-dach.ch\/sites\/flachdach\/\" \/>\n<meta property=\"og:locale\" content=\"de_DE\" \/>\n<meta property=\"og:type\" content=\"article\" \/>\n<meta property=\"og:title\" content=\"Flachdach - Roth Dach - dicht und sicher - Flachdach, Spenglerei,Blitzschutz\" \/>\n<meta property=\"og:url\" content=\"https:\/\/www.roth-dach.ch\/sites\/flachdach\/\" \/>\n<meta property=\"og:site_name\" content=\"Roth Dach - dicht und sicher - Flachdach, Spenglerei,Blitzschutz\" \/>\n<meta property=\"article:modified_time\" content=\"2021-12-13T15:48:33+00:00\" \/>\n<meta name=\"twitter:card\" content=\"summary_large_image\" \/>\n<script type=\"application\/ld+json\" class=\"yoast-schema-graph\">{\"@context\":\"https:\\\/\\\/schema.org\",\"@graph\":[{\"@type\":\"WebPage\",\"@id\":\"https:\\\/\\\/www.roth-dach.ch\\\/sites\\\/flachdach\\\/\",\"url\":\"https:\\\/\\\/www.roth-dach.ch\\\/sites\\\/flachdach\\\/\",\"name\":\"Flachdach - Roth Dach - dicht und sicher - Flachdach, Spenglerei,Blitzschutz\",\"isPartOf\":{\"@id\":\"https:\\\/\\\/www.roth-dach.ch\\\/sites\\\/#website\"},\"datePublished\":\"2021-03-24T07:19:47+00:00\",\"dateModified\":\"2021-12-13T15:48:33+00:00\",\"breadcrumb\":{\"@id\":\"https:\\\/\\\/www.roth-dach.ch\\\/sites\\\/flachdach\\\/#breadcrumb\"},\"inLanguage\":\"de\",\"potentialAction\":[{\"@type\":\"ReadAction\",\"target\":[\"https:\\\/\\\/www.roth-dach.ch\\\/sites\\\/flachdach\\\/\"]}]},{\"@type\":\"BreadcrumbList\",\"@id\":\"https:\\\/\\\/www.roth-dach.ch\\\/sites\\\/flachdach\\\/#breadcrumb\",\"itemListElement\":[{\"@type\":\"ListItem\",\"position\":1,\"name\":\"Startseite\",\"item\":\"https:\\\/\\\/www.roth-dach.ch\\\/sites\\\/\"},{\"@type\":\"ListItem\",\"position\":2,\"name\":\"Flachdach\"}]},{\"@type\":\"WebSite\",\"@id\":\"https:\\\/\\\/www.roth-dach.ch\\\/sites\\\/#website\",\"url\":\"https:\\\/\\\/www.roth-dach.ch\\\/sites\\\/\",\"name\":\"Roth Dach - dicht und sicher - Flachdach, Spenglerei,Blitzschutz\",\"description\":\"Just another WordPress site\",\"potentialAction\":[{\"@type\":\"SearchAction\",\"target\":{\"@type\":\"EntryPoint\",\"urlTemplate\":\"https:\\\/\\\/www.roth-dach.ch\\\/sites\\\/?s={search_term_string}\"},\"query-input\":{\"@type\":\"PropertyValueSpecification\",\"valueRequired\":true,\"valueName\":\"search_term_string\"}}],\"inLanguage\":\"de\"}]}<\/script>\n<!-- \/ Yoast SEO plugin. -->","yoast_head_json":{"title":"Flachdach - Roth Dach - dicht und sicher - Flachdach, Spenglerei,Blitzschutz","robots":{"index":"index","follow":"follow","max-snippet":"max-snippet:-1","max-image-preview":"max-image-preview:large","max-video-preview":"max-video-preview:-1"},"canonical":"https:\/\/www.roth-dach.ch\/sites\/flachdach\/","og_locale":"de_DE","og_type":"article","og_title":"Flachdach - Roth Dach - dicht und sicher - Flachdach, Spenglerei,Blitzschutz","og_url":"https:\/\/www.roth-dach.ch\/sites\/flachdach\/","og_site_name":"Roth Dach - dicht und sicher - Flachdach, Spenglerei,Blitzschutz","article_modified_time":"2021-12-13T15:48:33+00:00","twitter_card":"summary_large_image","schema":{"@context":"https:\/\/schema.org","@graph":[{"@type":"WebPage","@id":"https:\/\/www.roth-dach.ch\/sites\/flachdach\/","url":"https:\/\/www.roth-dach.ch\/sites\/flachdach\/","name":"Flachdach - Roth Dach - dicht und sicher - Flachdach, Spenglerei,Blitzschutz","isPartOf":{"@id":"https:\/\/www.roth-dach.ch\/sites\/#website"},"datePublished":"2021-03-24T07:19:47+00:00","dateModified":"2021-12-13T15:48:33+00:00","breadcrumb":{"@id":"https:\/\/www.roth-dach.ch\/sites\/flachdach\/#breadcrumb"},"inLanguage":"de","potentialAction":[{"@type":"ReadAction","target":["https:\/\/www.roth-dach.ch\/sites\/flachdach\/"]}]},{"@type":"BreadcrumbList","@id":"https:\/\/www.roth-dach.ch\/sites\/flachdach\/#breadcrumb","itemListElement":[{"@type":"ListItem","position":1,"name":"Startseite","item":"https:\/\/www.roth-dach.ch\/sites\/"},{"@type":"ListItem","position":2,"name":"Flachdach"}]},{"@type":"WebSite","@id":"https:\/\/www.roth-dach.ch\/sites\/#website","url":"https:\/\/www.roth-dach.ch\/sites\/","name":"Roth Dach - dicht und sicher - Flachdach, Spenglerei,Blitzschutz","description":"Just another WordPress site","potentialAction":[{"@type":"SearchAction","target":{"@type":"EntryPoint","urlTemplate":"https:\/\/www.roth-dach.ch\/sites\/?s={search_term_string}"},"query-input":{"@type":"PropertyValueSpecification","valueRequired":true,"valueName":"search_term_string"}}],"inLanguage":"de"}]}},"_links":{"self":[{"href":"https:\/\/www.roth-dach.ch\/sites\/wp-json\/wp\/v2\/pages\/130","targetHints":{"allow":["GET"]}}],"collection":[{"href":"https:\/\/www.roth-dach.ch\/sites\/wp-json\/wp\/v2\/pages"}],"about":[{"href":"https:\/\/www.roth-dach.ch\/sites\/wp-json\/wp\/v2\/types\/page"}],"author":[{"embeddable":true,"href":"https:\/\/www.roth-dach.ch\/sites\/wp-json\/wp\/v2\/users\/1"}],"replies":[{"embeddable":true,"href":"https:\/\/www.roth-dach.ch\/sites\/wp-json\/wp\/v2\/comments?post=130"}],"version-history":[{"count":38,"href":"https:\/\/www.roth-dach.ch\/sites\/wp-json\/wp\/v2\/pages\/130\/revisions"}],"predecessor-version":[{"id":347,"href":"https:\/\/www.roth-dach.ch\/sites\/wp-json\/wp\/v2\/pages\/130\/revisions\/347"}],"wp:attachment":[{"href":"https:\/\/www.roth-dach.ch\/sites\/wp-json\/wp\/v2\/media?parent=130"}],"curies":[{"name":"wp","href":"https:\/\/api.w.org\/{rel}","templated":true}]}}